{"id":3,"date":"2018-06-26T10:53:28","date_gmt":"2018-06-26T08:53:28","guid":{"rendered":"https:\/\/crechejeuxdemots.com\/?page_id=3"},"modified":"2026-02-04T12:14:12","modified_gmt":"2026-02-04T11:14:12","slug":"privacy-policy","status":"publish","type":"page","link":"https:\/\/crechejeuxdemots.com\/uk\/privacy-policy\/","title":{"rendered":"Privacy Policy"},"content":{"rendered":"<p>[et_pb_section fb_built=\u00a0\u00bb1&Prime; inner_shadow=\u00a0\u00bbon\u00a0\u00bb _builder_version=\u00a0\u00bb4.16&Prime; parallax=\u00a0\u00bbon\u00a0\u00bb custom_margin=\u00a0\u00bb0px|0px|0px|0px\u00a0\u00bb custom_padding=\u00a0\u00bb0px||0px|\u00a0\u00bb global_colors_info=\u00a0\u00bb{}\u00a0\u00bb][et_pb_row _builder_version=\u00a0\u00bb4.16&Prime; background_image=\u00a0\u00bbhttps:\/\/crechejeuxdemots.com\/uk\/wp-content\/uploads\/sites\/2\/2018\/06\/jeux-enfant.jpeg\u00a0\u00bb background_position=\u00a0\u00bbtop_center\u00a0\u00bb width=\u00a0\u00bb100%\u00a0\u00bb max_width=\u00a0\u00bb100%\u00a0\u00bb module_alignment=\u00a0\u00bbcenter\u00a0\u00bb custom_margin=\u00a0\u00bb0px|0px|0px|0px\u00a0\u00bb custom_padding=\u00a0\u00bb||0px|\u00a0\u00bb filter_opacity=\u00a0\u00bb90%\u00a0\u00bb use_custom_width=\u00a0\u00bbon\u00a0\u00bb width_unit=\u00a0\u00bboff\u00a0\u00bb custom_width_percent=\u00a0\u00bb100%\u00a0\u00bb global_colors_info=\u00a0\u00bb{}\u00a0\u00bb][et_pb_column type=\u00a0\u00bb4_4&Prime; _builder_version=\u00a0\u00bb4.16&Prime; custom_padding=\u00a0\u00bb|||\u00a0\u00bb global_colors_info=\u00a0\u00bb{}\u00a0\u00bb custom_padding__hover=\u00a0\u00bb|||\u00a0\u00bb][et_pb_text disabled_on=\u00a0\u00bboff||\u00a0\u00bb admin_label=\u00a0\u00bbMentions L\u00e9gales\u00a0\u00bb _builder_version=\u00a0\u00bb4.16&Prime; header_2_font=\u00a0\u00bbPacifico||||||||\u00a0\u00bb header_2_text_color=\u00a0\u00bb#fef4f3&Prime; header_2_font_size=\u00a0\u00bb35px\u00a0\u00bb header_3_font=\u00a0\u00bbPacifico||||||||\u00a0\u00bb header_3_font_size=\u00a0\u00bb30px\u00a0\u00bb custom_margin=\u00a0\u00bb|10%||10%\u00a0\u00bb header_2_font_size_tablet=\u00a0\u00bb30px\u00a0\u00bb header_2_font_size_phone=\u00a0\u00bb25px\u00a0\u00bb header_2_font_size_last_edited=\u00a0\u00bbon|phone\u00a0\u00bb header_3_font_size_tablet=\u00a0\u00bb25px\u00a0\u00bb header_3_font_size_phone=\u00a0\u00bb20px\u00a0\u00bb header_3_font_size_last_edited=\u00a0\u00bbon|tablet\u00a0\u00bb global_colors_info=\u00a0\u00bb{}\u00a0\u00bb]<\/p>\n<h3 style=\"text-align: center;\"><\/h3>\n<h2 style=\"text-align: center;\">Politique de Confidentialit\u00e9<\/h2>\n<p style=\"text-align: center;\"><span style=\"color: #fef4f3;\">_____________<\/span><\/p>\n<p>[\/et_pb_text][et_pb_divider show_divider=\u00a0\u00bboff\u00a0\u00bb _builder_version=\u00a0\u00bb4.16&Prime; height=\u00a0\u00bb100px\u00a0\u00bb global_colors_info=\u00a0\u00bb{}\u00a0\u00bb]&nbsp;<br \/>\n[\/et_pb_divider][et_pb_divider show_divider=\u00a0\u00bboff\u00a0\u00bb _builder_version=\u00a0\u00bb4.16&Prime; height=\u00a0\u00bb100px\u00a0\u00bb global_colors_info=\u00a0\u00bb{}\u00a0\u00bb]&nbsp;<br \/>\n[\/et_pb_divider][et_pb_divider show_divider=\u00a0\u00bboff\u00a0\u00bb _builder_version=\u00a0\u00bb4.16&Prime; height=\u00a0\u00bb100px\u00a0\u00bb global_colors_info=\u00a0\u00bb{}\u00a0\u00bb]&nbsp;<br \/>\n[\/et_pb_divider][et_pb_divider show_divider=\u00a0\u00bboff\u00a0\u00bb _builder_version=\u00a0\u00bb4.16&Prime; height=\u00a0\u00bb100px\u00a0\u00bb global_colors_info=\u00a0\u00bb{}\u00a0\u00bb]&nbsp;<br \/>\n[\/et_pb_divider][\/et_pb_column][\/et_pb_row][\/et_pb_section][et_pb_section fb_built=\u00a0\u00bb1&Prime; admin_label=\u00a0\u00bbsection\u00a0\u00bb _builder_version=\u00a0\u00bb4.16&Prime; background_color=\u00a0\u00bb#f0f0f0&Prime; custom_padding=\u00a0\u00bb|0px|0px|0px\u00a0\u00bb custom_padding_tablet=\u00a0\u00bb|0px|0px|0px\u00a0\u00bb transparent_background=\u00a0\u00bboff\u00a0\u00bb padding_mobile=\u00a0\u00bbon\u00a0\u00bb global_colors_info=\u00a0\u00bb{}\u00a0\u00bb][et_pb_row _builder_version=\u00a0\u00bb4.16&Prime; background_size=\u00a0\u00bbinitial\u00a0\u00bb background_position=\u00a0\u00bbtop_left\u00a0\u00bb background_repeat=\u00a0\u00bbrepeat\u00a0\u00bb global_colors_info=\u00a0\u00bb{}\u00a0\u00bb][et_pb_column type=\u00a0\u00bb4_4&Prime; _builder_version=\u00a0\u00bb4.16&Prime; custom_padding=\u00a0\u00bb|||\u00a0\u00bb global_colors_info=\u00a0\u00bb{}\u00a0\u00bb custom_padding__hover=\u00a0\u00bb|||\u00a0\u00bb][et_pb_accordion _builder_version=\u00a0\u00bb4.16&Prime; global_colors_info=\u00a0\u00bb{}\u00a0\u00bb][et_pb_accordion_item title=\u00a0\u00bbINTRODUCTION\u00a0\u00bb _builder_version=\u00a0\u00bb3.8.1&Prime; global_colors_info=\u00a0\u00bb{}\u00a0\u00bb open=\u00a0\u00bbon\u00a0\u00bb]Jeux de Mots is committed to protecting your privacy and takes the respect of its obligations regarding the security of its customers\u2019 information very seriously. We are clear and transparent about what information we collect and how we use it. This Privacy Policy states the following:<\/p>\n<p>What personal data we collect<br \/>\nWho has access to and control of this data<br \/>\nFor what purposes do we use this data and for how long<br \/>\nHow we protect the sending of your data<br \/>\nHow we use cookies saved by your browser<br \/>\nHow we approach your data protection rights<\/p>\n<p>All personal data are collected and processed in accordance with Articles 13 and 14 of the General Regulation (EU) 2016\/679 on data protection of the European Parliament and of the Council of 27 April 2016 and Article 32 of the Data Protection Act. freedoms \u201cof 6 January 1978 amended in 2004.<br \/>\n[\/et_pb_accordion_item][et_pb_accordion_item title=\u00a0\u00bbPERSONAL DATA THAT WE COLLECT\u00a0\u00bb _builder_version=\u00a0\u00bb3.8.1&Prime; global_colors_info=\u00a0\u00bb{}\u00a0\u00bb open=\u00a0\u00bboff\u00a0\u00bb]By \u201cpersonal data\u201d we mean any data about you that allows us to identify you, such as your name and contact information we allow you to contact you.<\/p>\n<p>The information collected through this site is done through the form (s) of contact integrated in the pages of this site.<\/p>\n<p>The sending of this form (s) can not be effective until you have obtained your consent.<br \/>\n[\/et_pb_accordion_item][et_pb_accordion_item title=\u00a0\u00bbRECIPIENT AND CONTROL OF DATA\u00a0\u00bb _builder_version=\u00a0\u00bb3.8.1&Prime; global_colors_info=\u00a0\u00bb{}\u00a0\u00bb open=\u00a0\u00bboff\u00a0\u00bb]The recipient of data is Mrs Oph\u00e9lie BOREL,\u00a0 founder of Jeux de Mots, whose headquarters is located at 3 route d&rsquo;Aussonne, Cornebarrieu (31700). Mrs Oph\u00e9lie BOREL is also the person responsible for controlling this data.<br \/>\n[\/et_pb_accordion_item][et_pb_accordion_item title=\u00a0\u00bbWHAT PURPOSES DO WE USE YOUR PERSONAL DATA AND HOW LONG?\u00a0\u00bb _builder_version=\u00a0\u00bb3.8.1&Prime; global_colors_info=\u00a0\u00bb{}\u00a0\u00bb open=\u00a0\u00bboff\u00a0\u00bb]The collected information that is subject to computer processing is intended for making appointments or establishing individual monitoring records. These data will be kept for 2 years.<br \/>\n[\/et_pb_accordion_item][et_pb_accordion_item title=\u00a0\u00bbPROTECTION OF THE SENDING OF YOUR PERSONAL DATA\u00a0\u00bb _builder_version=\u00a0\u00bb3.8.1&Prime; global_colors_info=\u00a0\u00bb{}\u00a0\u00bb open=\u00a0\u00bboff\u00a0\u00bb]We follow strict security procedures regarding the retention and disclosure of your personal data, and to protect against accidental loss, destruction or alteration. The data you provide to us through the forms on this site are protected by HTTPS (HyperText Transfer Protocol Secure). The call to an SSL certificate installed on our site is the method of encrypting the information used so that it can be transferred securely over the internet.<br \/>\n[\/et_pb_accordion_item][et_pb_accordion_item title=\u00a0\u00bbCOOKIES AND FOLLOW-UP ON THE SITE\u00a0\u00bb open=\u00a0\u00bboff\u00a0\u00bb _builder_version=\u00a0\u00bb3.8.1&Prime; global_colors_info=\u00a0\u00bb{}\u00a0\u00bb]Cookies are small text files that are transferred to your computer\u2019s hard drive via your web browser to facilitate your browsing and to help us better understand the pages that will be most appropriate for you. Most web browsers automatically accept cookies, however, if you wish, you can change these browser settings to accept, reject, and delete cookies. The \u201chelp\u201d section in the toolbar for most browsers will tell you how to prevent your browser from accepting new cookies, how to have the browser notify you when you receive a new cookie, or how to disable cookies. The information relating to the navigation of your computer on our site (the pages you have consulted, the date and time of the consultation, etc.) are only recorded for statistical purposes via the use of these cookies. These cookies do not allow us to identify you.<br \/>\n[\/et_pb_accordion_item][et_pb_accordion_item title=\u00a0\u00bbYOUR RIGHTS TO DATA PROTECTION\u00a0\u00bb _builder_version=\u00a0\u00bb3.8.1&Prime; global_colors_info=\u00a0\u00bb{}\u00a0\u00bb open=\u00a0\u00bboff\u00a0\u00bb]According to the law, you have the following rights:<\/p>\n<p>You have the right to access, rectify or delete your personal data that you can ask the controller to be Mrs Oph\u00e9lie Borel.<br \/>\nYou have the right to request a limitation of the processing of your personal data.<br \/>\nYou have the right to oppose the processing of your personal data and the right to portability of your data.<br \/>\nYou may withdraw your consent to the processing of your personal data at any time by writing to the controller, or to Mrs Oph\u00e9lie Borel.<br \/>\nYou can lodge a complaint with the CNIL if you consider that the protection of your personal data has not been ensured by the controller.<br \/>\n[\/et_pb_accordion_item][\/et_pb_accordion][\/et_pb_column][\/et_pb_row][\/et_pb_section]<\/p>\n","protected":false},"excerpt":{"rendered":"<p>Politique de Confidentialit\u00e9 _____________ &nbsp; &nbsp; &nbsp; &nbsp; Jeux de Mots is committed to protecting your privacy and takes the respect of its obligations regarding the security of its customers\u2019 information very seriously. We are clear and transparent about what information we collect and how we use it. This Privacy Policy states the following: What [&hellip;]<\/p>\n","protected":false},"author":1,"featured_media":0,"parent":0,"menu_order":0,"comment_status":"closed","ping_status":"closed","template":"","meta":{"_et_pb_use_builder":"on","_et_pb_old_content":"<h2>Qui sommes-nous\u00a0?<\/h2><p>L\u2019adresse de notre site Web est\u00a0: https:\/\/crechejeuxdemots.com.<\/p><h2>Utilisation des donn\u00e9es personnelles collect\u00e9es<\/h2><h3>Commentaires<\/h3><p>Quand vous laissez un commentaire sur notre site web, les donn\u00e9es inscrites dans le formulaire de commentaire, mais aussi votre adresse IP et l\u2019agent utilisateur de votre navigateur sont collect\u00e9s pour nous aider \u00e0 la d\u00e9tection des commentaires ind\u00e9sirables.<\/p><p>Une cha\u00eene anonymis\u00e9e cr\u00e9\u00e9e \u00e0 partir de votre adresse de messagerie (\u00e9galement appel\u00e9e hash) peut \u00eatre envoy\u00e9e au service Gravatar pour v\u00e9rifier si vous utilisez ce dernier. Les clauses de confidentialit\u00e9 du service Gravatar sont disponibles ici\u00a0: https:\/\/automattic.com\/privacy\/. Apr\u00e8s validation de votre commentaire, votre photo de profil sera visible publiquement \u00e0 cot\u00e9 de votre commentaire.<\/p><h3>M\u00e9dias<\/h3><p>Si vous \u00eates un utilisateur ou une utilisatrice enregistr\u00e9\u00b7e et que vous t\u00e9l\u00e9versez des images sur le site web, nous vous conseillons d\u2019\u00e9viter de t\u00e9l\u00e9verser des images contenant des donn\u00e9es EXIF de coordonn\u00e9es GPS. Les visiteurs de votre site web peuvent t\u00e9l\u00e9charger et extraire des donn\u00e9es de localisation depuis ces images.<\/p><h3>Formulaires de contact<\/h3><h3>Cookies<\/h3><p>Si vous d\u00e9posez un commentaire sur notre site, il vous sera propos\u00e9 d\u2019enregistrer votre nom, adresse de messagerie et site web dans des cookies. C\u2019est uniquement pour votre confort afin de ne pas avoir \u00e0 saisir ces informations si vous d\u00e9posez un autre commentaire plus tard. Ces cookies expirent au bout d\u2019un an.<\/p><p>Si vous avez un compte et que vous vous connectez sur ce site, un cookie temporaire sera cr\u00e9\u00e9 afin de d\u00e9terminer si votre navigateur accepte les cookies. Il ne contient pas de donn\u00e9es personnelles et sera supprim\u00e9 automatiquement \u00e0 la fermeture de votre navigateur.<\/p><p>Lorsque vous vous connecterez, nous mettrons en place un certain nombre de cookies pour enregistrer vos informations de connexion et vos pr\u00e9f\u00e9rences d\u2019\u00e9cran. La dur\u00e9e de vie d\u2019un cookie de connexion est de deux jours, celle d\u2019un cookie d\u2019option d\u2019\u00e9cran est d\u2019un an. Si vous cochez \u00ab\u00a0Se souvenir de moi\u00a0\u00bb, votre cookie de connexion sera conserv\u00e9 pendant deux semaines. Si vous vous d\u00e9connectez de votre compte, le cookie de connexion sera effac\u00e9.<\/p><p>En modifiant ou en publiant un article, un cookie suppl\u00e9mentaire sera enregistr\u00e9 dans votre navigateur. Ce cookie ne comprend aucune donn\u00e9e personnelle. Il indique simplement l\u2019identifiant de l\u2019article que vous venez de modifier. Il expire au bout d\u2019un jour.<\/p><h3>Contenu embarqu\u00e9 depuis d\u2019autres sites<\/h3><p>Les articles de ce site peuvent inclure des contenus int\u00e9gr\u00e9s (par exemple des vid\u00e9os, images, articles\u2026). Le contenu int\u00e9gr\u00e9 depuis d\u2019autres sites se comporte de la m\u00eame mani\u00e8re que si le visiteur se rendait sur cet autre site.<\/p><p>Ces sites web pourraient collecter des donn\u00e9es sur vous, utiliser des cookies, embarquer des outils de suivis tiers, suivre vos interactions avec ces contenus embarqu\u00e9s si vous disposez d\u2019un compte connect\u00e9 sur leur site web.<\/p><h3>Statistiques et mesures d\u2019audience<\/h3><h2>Utilisation et transmission de vos donn\u00e9es personnelles<\/h2><h2>Dur\u00e9es de stockage de vos donn\u00e9es<\/h2><p>Si vous laissez un commentaire, le commentaire et ses m\u00e9tadonn\u00e9es sont conserv\u00e9s ind\u00e9finiment. Cela permet de reconna\u00eetre et approuver automatiquement les commentaires suivants au lieu de les laisser dans la file de mod\u00e9ration.<\/p><p>Pour les utilisateurs et utilisatrices qui s\u2019enregistrent sur notre site (si cela est possible), nous stockons \u00e9galement les donn\u00e9es personnelles indiqu\u00e9es dans leur profil. Tous les utilisateurs et utilisatrices peuvent voir, modifier ou supprimer leurs informations personnelles \u00e0 tout moment (\u00e0 l\u2019exception de leur nom d\u2019utilisateur\u00b7ice). Les gestionnaires du site peuvent aussi voir et modifier ces informations.<\/p><h2>Les droits que vous avez sur vos donn\u00e9es<\/h2><p>Si vous avez un compte ou si vous avez laiss\u00e9 des commentaires sur le site, vous pouvez demander \u00e0 recevoir un fichier contenant toutes les donn\u00e9es personnelles que nous poss\u00e9dons \u00e0 votre sujet, incluant celles que vous nous avez fournies. Vous pouvez \u00e9galement demander la suppression des donn\u00e9es personnelles vous concernant. Cela ne prend pas en compte les donn\u00e9es stock\u00e9es \u00e0 des fins administratives, l\u00e9gales ou pour des raisons de s\u00e9curit\u00e9.<\/p><h2>Transmission de vos donn\u00e9es personnelles<\/h2><p>Les commentaires des visiteurs peuvent \u00eatre v\u00e9rifi\u00e9s \u00e0 l\u2019aide d\u2019un service automatis\u00e9 de d\u00e9tection des commentaires ind\u00e9sirables.<\/p><h2>Informations de contact<\/h2><h2>Informations suppl\u00e9mentaires<\/h2><h3>Comment nous prot\u00e9geons vos donn\u00e9es<\/h3><h3>Proc\u00e9dures mises en \u0153uvre en cas de fuite de donn\u00e9es<\/h3><h3>Les services tiers qui nous transmettent des donn\u00e9es<\/h3><h3>Op\u00e9rations de marketing automatis\u00e9 et\/ou de profilage r\u00e9alis\u00e9es \u00e0 l\u2019aide des donn\u00e9es personnelles<\/h3><h3>Affichage des informations li\u00e9es aux secteurs soumis \u00e0 des r\u00e9gulations sp\u00e9cifiques<\/h3>","_et_gb_content_width":"","footnotes":""},"class_list":["post-3","page","type-page","status-publish","hentry"],"_links":{"self":[{"href":"https:\/\/crechejeuxdemots.com\/uk\/wp-json\/wp\/v2\/pages\/3","targetHints":{"allow":["GET"]}}],"collection":[{"href":"https:\/\/crechejeuxdemots.com\/uk\/wp-json\/wp\/v2\/pages"}],"about":[{"href":"https:\/\/crechejeuxdemots.com\/uk\/wp-json\/wp\/v2\/types\/page"}],"author":[{"embeddable":true,"href":"https:\/\/crechejeuxdemots.com\/uk\/wp-json\/wp\/v2\/users\/1"}],"replies":[{"embeddable":true,"href":"https:\/\/crechejeuxdemots.com\/uk\/wp-json\/wp\/v2\/comments?post=3"}],"version-history":[{"count":2,"href":"https:\/\/crechejeuxdemots.com\/uk\/wp-json\/wp\/v2\/pages\/3\/revisions"}],"predecessor-version":[{"id":3570,"href":"https:\/\/crechejeuxdemots.com\/uk\/wp-json\/wp\/v2\/pages\/3\/revisions\/3570"}],"wp:attachment":[{"href":"https:\/\/crechejeuxdemots.com\/uk\/wp-json\/wp\/v2\/media?parent=3"}],"curies":[{"name":"wp","href":"https:\/\/api.w.org\/{rel}","templated":true}]}}